{"id":10,"date":"2019-12-28T23:46:03","date_gmt":"2019-12-28T23:46:03","guid":{"rendered":"http:\/\/mondo-solutions.pl\/?page_id=10"},"modified":"2025-04-08T01:40:57","modified_gmt":"2025-04-08T01:40:57","slug":"kontakt","status":"publish","type":"page","link":"https:\/\/mondo-solutions.pl\/index.php\/kontakt\/","title":{"rendered":"Kontakt"},"content":{"rendered":"\n<div class=\"wp-block-media-text alignwide has-media-on-the-right is-stacked-on-mobile is-vertically-aligned-center\" style=\"grid-template-columns:auto 60%\"><div class=\"wp-block-media-text__content\">\n<p class=\"has-text-align-right\"><strong>Mondo Solutions<\/strong><br><br>mondosolutions@int.pl<br>+48 579 306 506<strong> <\/strong><br><\/p>\n<\/div><figure class=\"wp-block-media-text__media\"><img loading=\"lazy\" decoding=\"async\" width=\"1080\" height=\"706\" src=\"https:\/\/mondo-solutions.pl\/wp-content\/uploads\/2024\/11\/Logo-Mondo-Solutions-update_1_WEBP_70.webp\" alt=\"\" class=\"wp-image-87622 size-full\" srcset=\"https:\/\/mondo-solutions.pl\/wp-content\/uploads\/2024\/11\/Logo-Mondo-Solutions-update_1_WEBP_70.webp 1080w, https:\/\/mondo-solutions.pl\/wp-content\/uploads\/2024\/11\/Logo-Mondo-Solutions-update_1_WEBP_70-300x196.webp 300w, https:\/\/mondo-solutions.pl\/wp-content\/uploads\/2024\/11\/Logo-Mondo-Solutions-update_1_WEBP_70-1024x669.webp 1024w, https:\/\/mondo-solutions.pl\/wp-content\/uploads\/2024\/11\/Logo-Mondo-Solutions-update_1_WEBP_70-768x502.webp 768w\" sizes=\"auto, (max-width: 767px) 89vw, (max-width: 1000px) 54vw, (max-width: 1071px) 543px, 580px\" \/><\/figure><\/div>\n\n\n<div class=\"wp-block-image\">\n<figure class=\"aligncenter size-full is-resized\"><img loading=\"lazy\" decoding=\"async\" width=\"500\" height=\"500\" src=\"https:\/\/mondo-solutions.pl\/wp-content\/uploads\/2024\/04\/QR-code-www.mondo-solutions.pl_WEBP.webp\" alt=\"\" class=\"wp-image-87564\" style=\"object-fit:cover;width:200px;height:200px\" srcset=\"https:\/\/mondo-solutions.pl\/wp-content\/uploads\/2024\/04\/QR-code-www.mondo-solutions.pl_WEBP.webp 500w, https:\/\/mondo-solutions.pl\/wp-content\/uploads\/2024\/04\/QR-code-www.mondo-solutions.pl_WEBP-300x300.webp 300w, https:\/\/mondo-solutions.pl\/wp-content\/uploads\/2024\/04\/QR-code-www.mondo-solutions.pl_WEBP-150x150.webp 150w, https:\/\/mondo-solutions.pl\/wp-content\/uploads\/2024\/04\/QR-code-www.mondo-solutions.pl_WEBP-100x100.webp 100w\" sizes=\"auto, (max-width: 500px) 100vw, 500px\" \/><\/figure><\/div>\n\n\n<div style=\"height:100px\" aria-hidden=\"true\" class=\"wp-block-spacer\"><\/div>\n\n\n\n<hr class=\"wp-block-separator has-alpha-channel-opacity\"\/>\n\n\n\n<p class=\"has-text-align-left has-medium-font-size\"><strong>Formularz kontaktowy:<\/strong><\/p>\n\n\n\n<p class=\"has-text-align-left\"> <div class=\"wpforms-container wpforms-container-full\" id=\"wpforms-274\"><form id=\"wpforms-form-274\" class=\"wpforms-validate wpforms-form\" data-formid=\"274\" method=\"post\" enctype=\"multipart\/form-data\" action=\"\/index.php\/wp-json\/wp\/v2\/pages\/10\" data-token=\"62a037178b237b9afefc6a3dc8725dc5\" data-token-time=\"1776477404\"><noscript class=\"wpforms-error-noscript\">Aby wype\u0142ni\u0107 ten formularz, w\u0142\u0105cz obs\u0142ug\u0119 JavaScript w przegl\u0105darce.<\/noscript><div class=\"wpforms-field-container\"><div id=\"wpforms-274-field_0-container\" class=\"wpforms-field wpforms-field-name\" data-field-id=\"0\"><label class=\"wpforms-field-label\" for=\"wpforms-274-field_0\">Pani\/Pana Imi\u0119 lub Nazwa Firmy <span class=\"wpforms-required-label\">*<\/span><\/label><input type=\"text\" id=\"wpforms-274-field_0\" class=\"wpforms-field-medium wpforms-field-required\" name=\"wpforms[fields][0]\" required><\/div><div id=\"wpforms-274-field_3-container\" class=\"wpforms-field wpforms-field-number\" data-field-id=\"3\"><label class=\"wpforms-field-label\" for=\"wpforms-274-field_3\">Pani\/Pana numer telefonu <span class=\"wpforms-required-label\">*<\/span><\/label><input type=\"number\" id=\"wpforms-274-field_3\" class=\"wpforms-field-medium wpforms-field-required\" name=\"wpforms[fields][3]\" required><\/div><div id=\"wpforms-274-field_1-container\" class=\"wpforms-field wpforms-field-email\" data-field-id=\"1\"><label class=\"wpforms-field-label\" for=\"wpforms-274-field_1\">E-mail<\/label><input type=\"email\" id=\"wpforms-274-field_1\" class=\"wpforms-field-medium\" name=\"wpforms[fields][1]\" spellcheck=\"false\" ><\/div><div id=\"wpforms-274-field_2-container\" class=\"wpforms-field wpforms-field-textarea\" data-field-id=\"2\"><label class=\"wpforms-field-label\" for=\"wpforms-274-field_2\">Uwagi:<\/label><textarea id=\"wpforms-274-field_2\" class=\"wpforms-field-medium\" name=\"wpforms[fields][2]\" ><\/textarea><div class=\"wpforms-field-description\">pola oznaczone gwiazdk\u0105 musz\u0105 by\u0107 wype\u0142nione, aby przes\u0142anie formularza by\u0142o mo\u017cliwe<\/div><\/div><\/div><!-- .wpforms-field-container --><div class=\"wpforms-field wpforms-field-hp\"><label for=\"wpforms-274-field-hp\" class=\"wpforms-field-label\">Website<\/label><input type=\"text\" name=\"wpforms[hp]\" id=\"wpforms-274-field-hp\" class=\"wpforms-field-medium\"><\/div><div class=\"wpforms-recaptcha-container wpforms-is-recaptcha wpforms-is-recaptcha-type-v2\" ><div class=\"g-recaptcha\" data-sitekey=\"6LdTjuAUAAAAALkJ-ErSmdq3h5Gy9sLZnC6IScae\"><\/div><input type=\"text\" name=\"g-recaptcha-hidden\" class=\"wpforms-recaptcha-hidden\" style=\"position:absolute!important;clip:rect(0,0,0,0)!important;height:1px!important;width:1px!important;border:0!important;overflow:hidden!important;padding:0!important;margin:0!important;\" data-rule-recaptcha=\"1\"><\/div><div class=\"wpforms-submit-container\" ><input type=\"hidden\" name=\"wpforms[id]\" value=\"274\"><input type=\"hidden\" name=\"page_title\" value=\"\"><input type=\"hidden\" name=\"page_url\" value=\"https:\/\/mondo-solutions.pl\/index.php\/wp-json\/wp\/v2\/pages\/10\"><button type=\"submit\" name=\"wpforms[submit]\" id=\"wpforms-submit-274\" class=\"wpforms-submit\" data-alt-text=\"Sending...\" data-submit-text=\"Submit\" aria-live=\"assertive\" value=\"wpforms-submit\">Submit<\/button><\/div><\/form><\/div>  <!-- .wpforms-container --> <\/p>\n\n\n\n<p><\/p>\n","protected":false},"excerpt":{"rendered":"<p>Mondo Solutions mondosolutions@int.pl+48 579 306 506 Formularz kontaktowy:<\/p>\n","protected":false},"author":1,"featured_media":87708,"parent":0,"menu_order":0,"comment_status":"closed","ping_status":"closed","template":"","meta":{"ngg_post_thumbnail":0,"footnotes":""},"class_list":["post-10","page","type-page","status-publish","has-post-thumbnail","hentry"],"_links":{"self":[{"href":"https:\/\/mondo-solutions.pl\/index.php\/wp-json\/wp\/v2\/pages\/10","targetHints":{"allow":["GET"]}}],"collection":[{"href":"https:\/\/mondo-solutions.pl\/index.php\/wp-json\/wp\/v2\/pages"}],"about":[{"href":"https:\/\/mondo-solutions.pl\/index.php\/wp-json\/wp\/v2\/types\/page"}],"author":[{"embeddable":true,"href":"https:\/\/mondo-solutions.pl\/index.php\/wp-json\/wp\/v2\/users\/1"}],"replies":[{"embeddable":true,"href":"https:\/\/mondo-solutions.pl\/index.php\/wp-json\/wp\/v2\/comments?post=10"}],"version-history":[{"count":55,"href":"https:\/\/mondo-solutions.pl\/index.php\/wp-json\/wp\/v2\/pages\/10\/revisions"}],"predecessor-version":[{"id":87733,"href":"https:\/\/mondo-solutions.pl\/index.php\/wp-json\/wp\/v2\/pages\/10\/revisions\/87733"}],"wp:featuredmedia":[{"embeddable":true,"href":"https:\/\/mondo-solutions.pl\/index.php\/wp-json\/wp\/v2\/media\/87708"}],"wp:attachment":[{"href":"https:\/\/mondo-solutions.pl\/index.php\/wp-json\/wp\/v2\/media?parent=10"}],"curies":[{"name":"wp","href":"https:\/\/api.w.org\/{rel}","templated":true}]}}