{"id":8,"date":"2019-12-28T23:46:02","date_gmt":"2019-12-28T23:46:02","guid":{"rendered":"http:\/\/mondo-solutions.pl\/?page_id=8"},"modified":"2024-11-07T19:54:02","modified_gmt":"2024-11-07T19:54:02","slug":"strona-glowna","status":"publish","type":"page","link":"https:\/\/mondo-solutions.pl\/","title":{"rendered":"O nas"},"content":{"rendered":"\n<p><strong>Jeste\u015bmy zespo\u0142em do\u015bwiadczonych specjalist\u00f3w.<\/strong><\/p>\n\n\n\n<p>Naszym atutem jest wszechstronna wiedza z dziedziny ksi\u0119gowo\u015bci zdobyta a nast\u0119pnie zweryfikowana i rozwini\u0119ta w praktyce przez ostatnie <strong>20 lat<\/strong>.<\/p>\n\n\n\n<p>Zdajemy sobie spraw\u0119, i\u017c <strong>tempo zmian w dziedzinie finans\u00f3w i podatk\u00f3w jest bardzo du\u017ce<\/strong>.<\/p>\n\n\n\n<p><strong>Zaostrzanie przepis\u00f3w podatkowych<\/strong> oraz coraz wy\u017cszy poziom weryfikacji firm ze strony instytucji kontrolnych &nbsp;sprawdzaj\u0105cych prawid\u0142owo\u015b\u0107 rozlicze\u0144 <strong>stanowi powa\u017cne wyzwanie<\/strong> zar\u00f3wno dla nowych jak i do\u015bwiadczonych przedsi\u0119biorc\u00f3w<strong>, ale dla nas to standard<\/strong>.<\/p>\n\n\n\n<p>Aby umo\u017cliwi\u0107 wszystkim Pa\u0144stwu mo\u017cliwo\u015b\u0107 beztroskiego skupienia si\u0119 na Pa\u0144stwa g\u0142\u00f3wnym biznesie niezale\u017cnie czy s\u0105 to us\u0142ugi, czy produkcja, proponujemy nasz\u0105 pomoc w <strong>zakresie us\u0142ug i rozlicze\u0144 ksi\u0119gowych<\/strong>.<\/p>\n\n\n\n<p>Dzi\u0119ki wsp\u00f3\u0142pracy z naszym biurem <strong>zyskujecie\nPa\u0144stwo czas i swobod\u0119<\/strong> na dzia\u0142anie.<\/p>\n\n\n\n<p><strong>Otrzymujecie gwarancj\u0119<\/strong>, \u017ce wszystkie wa\u017cne kwestie rozliczeniowe i podatkowe zostan\u0105 dope\u0142nione\nzgodnie z obowi\u0105zuj\u0105cymi przepisami.<\/p>\n\n\n\n<p>Dzi\u0119ki zastosowaniu prostych i intuicyjnych narz\u0119dzi <strong>oszcz\u0119dzacie\nPa\u0144stwo<\/strong> <strong>czas<\/strong> potrzebny na przekazywanie dokument\u00f3w.<\/p>\n\n\n\n<p>W zale\u017cno\u015bci od potrzeb <strong>zapewnimy Pa\u0144stwu r\u00f3wnie\u017c wsparcie<\/strong> w zakresie &nbsp;bud\u017cetowania, zwi\u0119kszenie p\u0142ynno\u015bci finansowej czy optymalizacji kosz\u00f3w dzia\u0142alno\u015bci.<\/p>\n\n\n\n<p>Poza rzetelno\u015bci\u0105 w dziedzinie ksi\u0119gowo\u015bci  oferujemy r\u00f3\u017cnego rodzaju rozwi\u0105zania oparte na dost\u0119pnych, w du\u017cej cz\u0119\u015bci darmowych rozwi\u0105zaniach. <strong>Wsp\u00f3\u0142praca z nami zawsze daje naszym Klientom satysfakcj\u0119 i opiera si\u0119 na szczero\u015bci i zaufaniu<\/strong>. <\/p>\n\n\n\n<p><\/p>\n","protected":false},"excerpt":{"rendered":"<p>Jeste\u015bmy zespo\u0142em do\u015bwiadczonych specjalist\u00f3w. Naszym atutem jest wszechstronna wiedza z dziedziny ksi\u0119gowo\u015bci zdobyta a nast\u0119pnie zweryfikowana i rozwini\u0119ta w praktyce przez ostatnie 20 lat. Zdajemy sobie spraw\u0119, i\u017c tempo zmian w dziedzinie finans\u00f3w i podatk\u00f3w jest bardzo du\u017ce. Zaostrzanie przepis\u00f3w podatkowych oraz coraz wy\u017cszy poziom weryfikacji firm ze strony instytucji kontrolnych &nbsp;sprawdzaj\u0105cych prawid\u0142owo\u015b\u0107 rozlicze\u0144 stanowi &hellip; <\/p>\n<p class=\"link-more\"><a href=\"https:\/\/mondo-solutions.pl\/\" class=\"more-link\">Czytaj dalej<span class=\"screen-reader-text\"> \u201eO nas\u201d<\/span><\/a><\/p>\n","protected":false},"author":1,"featured_media":87711,"parent":0,"menu_order":0,"comment_status":"closed","ping_status":"closed","template":"","meta":{"ngg_post_thumbnail":0,"footnotes":""},"class_list":["post-8","page","type-page","status-publish","has-post-thumbnail","hentry"],"_links":{"self":[{"href":"https:\/\/mondo-solutions.pl\/index.php\/wp-json\/wp\/v2\/pages\/8","targetHints":{"allow":["GET"]}}],"collection":[{"href":"https:\/\/mondo-solutions.pl\/index.php\/wp-json\/wp\/v2\/pages"}],"about":[{"href":"https:\/\/mondo-solutions.pl\/index.php\/wp-json\/wp\/v2\/types\/page"}],"author":[{"embeddable":true,"href":"https:\/\/mondo-solutions.pl\/index.php\/wp-json\/wp\/v2\/users\/1"}],"replies":[{"embeddable":true,"href":"https:\/\/mondo-solutions.pl\/index.php\/wp-json\/wp\/v2\/comments?post=8"}],"version-history":[{"count":22,"href":"https:\/\/mondo-solutions.pl\/index.php\/wp-json\/wp\/v2\/pages\/8\/revisions"}],"predecessor-version":[{"id":1157,"href":"https:\/\/mondo-solutions.pl\/index.php\/wp-json\/wp\/v2\/pages\/8\/revisions\/1157"}],"wp:featuredmedia":[{"embeddable":true,"href":"https:\/\/mondo-solutions.pl\/index.php\/wp-json\/wp\/v2\/media\/87711"}],"wp:attachment":[{"href":"https:\/\/mondo-solutions.pl\/index.php\/wp-json\/wp\/v2\/media?parent=8"}],"curies":[{"name":"wp","href":"https:\/\/api.w.org\/{rel}","templated":true}]}}